{"id":2832,"date":"2022-11-03T08:09:21","date_gmt":"2022-11-03T07:09:21","guid":{"rendered":"https:\/\/compag.entsorgungs-service.at\/?page_id=2832"},"modified":"2023-01-30T10:12:02","modified_gmt":"2023-01-30T09:12:02","slug":"agb","status":"publish","type":"page","link":"https:\/\/www.compag-austria.at\/en\/agb\/","title":{"rendered":"Conditions"},"content":{"rendered":"<section class=\"wpb-content-wrapper\"><div data-vc-full-width=\"true\" data-vc-full-width-init=\"false\" class=\"tm-row wpb_row vc_row-fluid vc_custom_1594111471343 vc_row-has-fill break-991-colum tm-zindex-0 tm-bgimage-position-center_center\">\n\n\t\t\n\t <div class=\"vc_row container\"> \t\n\t\t\n\n<div class=\"wpb_column tm-column vc_column_container vc_col-sm-6 tm-zindex-0\">\n\t<div class=\"vc_column-inner\">\n\t\t\t\t<div class=\"wpb_wrapper\">\n\t\t\t\t\t<\/div>\n\t<\/div>\n<\/div>\n\n\n\n\n\n<div class=\"wpb_column tm-column vc_column_container vc_col-sm-6 tm-overlap-row tm-zindex-1\">\n\t<div class=\"vc_column-inner vc_custom_1594112196513 tm-col-bgcolor-white tm-col-bgcolor-yes tm-responsive-custom-92752929\">\n\t\t<div class=\"tm-col-wrapper-bg-layer tm-bg-layer tm-bgimage-position-center_center\"><div class=\"tm-bg-layer-inner\"><\/div><\/div>\t\t<div class=\"wpb_wrapper\">\n\t\t\t\n<div class=\"tm-row-inner vc_row wpb_row vc_inner vc_row-fluid vc_custom_1593076397581 break-991-colum tm-zindex-0\">\n\t\n<div class=\"wpb_column tm-column-inner vc_column_container vc_col-sm-12 tm-zindex-0\">\n\t<div class=\"vc_column-inner\">\n\t\t \n\t\t<div class=\"wpb_wrapper\">\n\t\t\t<div class=\"tm-element-heading-wrapper tm-heading-inner tm-element-align-left tm-seperator-none tm-heading-style-vertical\"><section class=\"tm-vc_cta3-container\"><div class=\"tm-vc_general tm-vc_cta3 tm-cta3-only tm-vc_cta3-style-classic tm-vc_cta3-shape-rounded tm-vc_cta3-align-left tm-vc_cta3-color-transparent tm-vc_cta3-icon-size-md tm-vc_cta3-actions-no tm-cta3-without-desc\"><div class=\"tm-vc_cta3_content-container\"><div class=\"tm-vc_cta3-content\"><header class=\"tm-vc_cta3-content-header tm-wrap\"><div class=\"tm-vc_cta3-headers tm-wrap-cell\"><h4 style=\"font-size:25px;line-height:35px;\" class=\"tm-custom-heading\" >Compag Handels GmbH<\/h4>\n<h2 style=\"font-size:40px;line-height:45px;color:#333333;\" class=\"tm-custom-heading\" >Allgemeine Verkaufs- und Lieferbedingungen<\/h2>\n<\/div><\/header><\/div><\/div><\/div><\/section><\/div> <!-- .tm-element-heading-wrapper container --> \t\t<\/div>\n\t<\/div>\n<\/div>\n\n<\/div>\n\n\t\t<\/div>\n\t<\/div>\n<\/div>\n\n\n\n\t\t\n\t <\/div> <\/div>\n\n\n<div class=\"vc_row-full-width vc_clearfix\"><\/div>\n\n\n\n\n\n\n\n\n<div class=\"tm-row wpb_row vc_row-fluid starttext vc_custom_1661502985259 tm-zindex-0 vc_row container tm-bgimage-position-center_center\">\n\n\t\t\n\t\t\n\t\t\n\n<div class=\"wpb_column tm-column vc_column_container vc_col-sm-8 tm-zindex-0\">\n\t<div class=\"vc_column-inner\">\n\t\t\t\t<div class=\"wpb_wrapper\">\n\t\t\t<div class=\"vc_separator wpb_content_element vc_separator_align_center vc_sep_width_100 vc_sep_pos_align_center vc_separator_no_text vc_custom_1557312209130  vc_custom_1557312209130\" ><span class=\"vc_sep_holder vc_sep_holder_l\"><span style=\"border-color:#e8ecef;\" class=\"vc_sep_line\"><\/span><\/span><span class=\"vc_sep_holder vc_sep_holder_r\"><span style=\"border-color:#e8ecef;\" class=\"vc_sep_line\"><\/span><\/span>\n<\/div>\n\t<div class=\"wpb_text_column wpb_content_element\" >\n\t\t<div class=\"wpb_wrapper\">\n\t\t\t<p><strong>1. B\u00f6rsenusancen:<\/strong> Die Bestimmungen f\u00fcr den Gesch\u00e4ftsverkehr an der B\u00f6rse f\u00fcr landwirtschaftliche Produkte in Wien werden dem Gesch\u00e4ft zugrunde gelegt.<\/p>\n<p><strong>2. Angebote:<\/strong> Unsere Angebote sind grunds\u00e4tzlich freibleibend, wenn wir nicht ausdr\u00fccklich die Dauer unserer Bindung im Angebot selbst schriftlich festhalten.<\/p>\n<p><strong>3. Preise:<\/strong> Alle von uns genannten Preise sind, sofern nicht anders ausdr\u00fccklich vermerkt ist, exklusive Umsatzsteuer zu verstehen. Im Verrechnungsfalle wird die gesetzliche Umsatzsteuer zu diesen Preisen hinzugerechnet.<\/p>\n<p><strong>4. H\u00f6here Gewalt:<\/strong> Lieferungen erfolgen, falls nicht anders vereinbart, innerhalb der vereinbarten Lieferzeit. Von der Einhaltung der vereinbarten Lieferfristen sind wir entbunden bei Ausbruch eines Krieges, Mobilmachung, Inkrafttreten von Aus- und Einfuhrverboten, Beschlagnahmen oder solchen gleichzusetzenden Ma\u00dfnahmen in- und ausl\u00e4ndischer Stellen oder feindlicher Anordnungen. Wenn im In- oder Ausland Umst\u00e4nde eintreten, durch die wir im Bezug von Rohmaterial, in der Fabrikation, in der Lieferung oder in der Verladung behindert sind &#8211; hierzu geh\u00f6ren insbesondere: alle Schwierigkeiten im Bezug von Rohstoffen, Aufruhr, Streiks, Streikma\u00dfnahmen, Arbeiteraussperrungen, Maschinenbruch, sonstige Betriebsst\u00f6rungen, Brennstoff- und Energiemangel, Wagenmangel, Behinderung oder Einstellung der Schifffahrt, sonstige Verladungs- oder Bef\u00f6rderungsschwierigkeiten in dem Bezug der Rohstoffe oder im Versand der Ware &#8211; k\u00f6nnen wir die vereinbarte Lieferzeit um die Dauer der Behinderung oder eines Teiles derselben hinausschieben, oder die Lieferzusage ganz oder teilweise als aufgehoben erkl\u00e4ren.<\/p>\n<p><strong>5. M\u00e4ngelr\u00fcge:<\/strong> Beanstandungen der Beschaffenheit oder des Gewichtes der von uns gelieferten Ware sind unverz\u00fcglich nach Eintreffen der Ware am Ablieferungsplatz im Bestimmungsort durch Email oder Telefon unter Best\u00e4tigung mittels eingeschriebenen Briefes unter Beschluss einer bahnamtlichen Tatbestandsaufnahme bei Waggonlieferung oder einer Best\u00e4tigung des Frachtf\u00fchrers (Spediteur) bei LKW-Lieferung zu erheben. Gewichtsbeanstandungen werden nur dann von uns anerkannt, wenn eine amtliche Nachwaage auf einer Geleisewaage, einer Br\u00fcckenwaage, einer Dezimalwaage oder einer bahnamtlich anerkannten Privatwaage erfolgt und sich Gewichtsdifferenzen ergeben, die nicht dem \u00f6sterreichischen Ma\u00df- und Eichgesetz entsprechen. Entladung des Transportfahrzeuges, Verarbeitung oder Weiterverkauf unserer Ware gilt vorbehaltlich etwaiger Ersatzanspr\u00fcche als Genehmigung und Abnahme. R\u00fccklieferungen sind nur mit unserer ausdr\u00fccklichen Zustimmung zul\u00e4ssig.<\/p>\n<p><strong>6. Schadensersatz:<\/strong> Abgesehen von Personensch\u00e4den haften wir nur, wenn uns vom Gesch\u00e4digten grobe Fahrl\u00e4ssigkeit nachgewiesen wird.<\/p>\n<p><strong>7. Zahlung:<\/strong> Die Zahlung hat sofort netto Kassa gegen \u00dcbergabe der Rechnung zu erfolgen. Bei Zahlungsverzug werden 8% Verzugszinsen \u00fcber der jeweiligen Nationalbankrate verrechnet. Die Aufrechnung mit Gegenforderungen, die Zur\u00fcckbehaltung der Kaufsumme und Abz\u00fcge irgendwelcher Art sind nur zul\u00e4ssig, wenn wir die Gegenforderung schriftlich anerkannt haben oder hier\u00fcber ein rechtskr\u00e4ftiges Urteil vorliegt. Zur Annahme von Wechseln und unbest\u00e4tigten Schecks sowie Verrechnungsschecks sind wir ohne Vereinbarung nicht verpflichtet.<\/p>\n<p><strong>8. Zahlungsverzug:<\/strong> Ger\u00e4t der K\u00e4ufer in Zahlungsverzug, so k\u00f6nnen wir entweder Erf\u00fcllung und Schadenersatz wegen Versp\u00e4tung begehren oder vom Vertrag zur\u00fccktreten und die sofortige Herausgabe der gelieferten Ware fordern, wobei uns der K\u00e4ufer alle wie immer gearteten Sch\u00e4den zu ersetzen hat, insbesondere Verdienstentgang und eine allf\u00e4llige Wertminderung der Ware.<\/p>\n<p><strong>9. Kreditw\u00fcrdigkeit des K\u00e4ufers:<\/strong> Wir sind berechtigt, Lieferungen unserer Waren dann zu verweigern, falls berechtigte Zweifel an der Zahlungsf\u00e4higkeit des K\u00e4ufers bestehen oder sich der K\u00e4ufer mit einer Zahlung aus einer fr\u00fcheren Lieferung im R\u00fcckstand befindet.<\/p>\n<p><strong>10. Zahlungseinstellung des K\u00e4ufers:<\/strong> Stellt der K\u00e4ufer seine Zahlungen ein, l\u00e4sst er einen Scheck oder Wechsel zu Protest gehen oder treten dem gleich zu erachtende Umst\u00e4nde ein, sind wir berechtigt, jederzeit von einzelnen oder allen noch nicht abgewickelten Vertr\u00e4gen ganz oder teilweise ohne Nachfrist zur\u00fcckzutreten, oder Schadenersatz wegen Nichterf\u00fcllung zu verlangen.<\/p>\n<p><strong>11. Eigentumsvorbehalt:<\/strong> Wir verkaufen und liefern unsere Waren ausnahmslos unter Eigentumsvorbehalt. Das Eigentum an der Ware geht erst dann auf den K\u00e4ufer, oder wenn im Auftrag des K\u00e4ufers an einen Dritten geliefert wird, auf diesen \u00fcber, wenn der K\u00e4ufer den gesamten Kaufpreis einschlie\u00dflich allf\u00e4lliger Nebenverpflichtungen, gezahlt hat oder zahlungshalber \u00fcbernommene Wechsel und Schecks eingel\u00f6st, und alle damit verbundenen Spesen gedeckt sind.<\/p>\n<p><strong>12. Leistungsverweigerungsverbote und Zur\u00fcckbehaltungsverbote:<\/strong> Gerechtfertigte Reklamationen berechtigen nicht zur Zur\u00fcckhaltung des gesamten, sondern lediglich eines angemessenen Teiles des Rechnungsbetrages.<\/p>\n<p><strong>13. Erf\u00fcllungsort\/Gerichtsstand:<\/strong> Beiderseitiger Erf\u00fcllungsort f\u00fcr Zahlung ist Krems an der Donau. M\u00fcndliche Nebenabreden haben keine G\u00fcltigkeit. Besonders schriftliche Vereinbarungen gehen den allgemeinen Verkaufs- und Lieferbedingungen vor, diese Verkaufs und Lieferbedingungen gehen den Bestimmungen f\u00fcr den Gesch\u00e4ftsverkehr an der B\u00f6rse f\u00fcr landwirtschaftliche Produkte in Wien vor;<\/p>\n<p><strong>14. Gerichtsstandvereinbarung:<\/strong> Zur Entscheidung aller aus diesem Vertrag entstehenden Streitigkeiten ist das am Sitz unseres Unternehmens sachlich zust\u00e4ndige Gericht \u00f6rtlich zust\u00e4ndig. Wir haben jedoch das Recht, auch am allgemeinen Gerichtsstand des Vertragspartners zu klagen.<\/p>\n<p><strong>15. Schiedsgerichtsvereinbarung \u2013 Schiedsgerichtsbarkeit: <\/strong>Inl\u00e4ndische Schiedsgerichtsbarkeit: Alle Streitigkeiten oder Anspr\u00fcche, die sich aus oder im Zusammenhang mit diesem Vertrag ergeben, einschlie\u00dflich Streitigkeiten \u00fcber dessen G\u00fcltigkeit, Verletzung, Aufl\u00f6sung oder Nichtigkeit, werden nach der Schiedsordnung (Wiener Regeln) der Internationalen Schiedsintuition der Wirtschaftskammer \u00d6sterreich (VIAC) von einem gem\u00e4\u00df diesen Regeln bestellten Schiedsrichtern endg\u00fcltig entschieden. Streitigkeiten die den Bereich Agrarhandel betreffen werden nach den Richtlinien des Schiedsverfahrens, der B\u00f6rse f\u00fcr Landwirtschaftliche Produkte in Wien entschieden.<\/p>\n<p>Internationale Schiedsgerichtsbarkeit in der WK\u00d6: Alle Streitigkeiten oder Anspr\u00fcche, die sich aus oder im Zusammenhang mit diesem Vertrag ergeben, einschlie\u00dflich Streitigkeiten \u00fcber dessen G\u00fcltigkeit, Verletzung, Aufl\u00f6sung oder Nichtigkeit, werden nach der Schiedsordnung (Wiener Regeln) der Internationalen Schiedsintuition der Wirtschaftskammer \u00d6sterreich (VIAC) von einem gem\u00e4\u00df diesen Regeln bestellten Schiedsrichtern endg\u00fcltig entschieden.<\/p>\n<p>a) Die Anzahl der Schiedsrichter betr\u00e4gt: eins<br \/>\nb) Die im Schiedsverfahren zu verwendende(n) Sprache(n) sind Deutsch und Englisch<\/p>\n<p><strong>16. Elektronische Rechnungslegung:<\/strong> Unser Kunde ist damit einverstanden, dass Rechnungen an ihn elektronisch erstellt und \u00fcbermittelt werden.<\/p>\n<p><strong>17. Datenverarbeitung:<\/strong> Der Kunde erteilt seine ausdr\u00fcckliche Zustimmung, dass seine personenbezogenen Daten, wie insbesondere Name, Anschrift, Geburtsdatum, die im Rahmen der Gesch\u00e4ftsbeziehung bekannt sind oder bekannt werden elektronisch gespeichert und verarbeitet werden und zum Zweck des Gl\u00e4ubigerschutzes an die Warenkreditevidenz des Kreditschutzverbandes von 1870 oder sonstige Gl\u00e4ubigerschutzverb\u00e4nde \u00fcbermittelt und \u00fcberlassen werden. Eine Weitergabe der Daten an Dritte, wie z.B. Adressverlage, Direktwerbeunternehmen etc. erfolgt nicht!<\/p>\n\n\t\t<\/div>\n\t<\/div>\n\t\t<\/div>\n\t<\/div>\n<\/div>\n\n\n\n\n\n<div class=\"wpb_column tm-column vc_column_container vc_col-sm-4 tm-zindex-0\">\n\t<div class=\"vc_column-inner vc_custom_1594112352400\">\n\t\t\t\t<div class=\"wpb_wrapper\">\n\t\t\t<div class=\"vc_separator wpb_content_element vc_separator_align_center vc_sep_width_100 vc_sep_pos_align_center vc_separator_no_text vc_custom_1557312209130  vc_custom_1557312209130\" ><span class=\"vc_sep_holder vc_sep_holder_l\"><span style=\"border-color:#e8ecef;\" class=\"vc_sep_line\"><\/span><\/span><span class=\"vc_sep_holder vc_sep_holder_r\"><span style=\"border-color:#e8ecef;\" class=\"vc_sep_line\"><\/span><\/span>\n<\/div>\n\t<div class=\"wpb_text_column wpb_content_element\" >\n\t\t<div class=\"wpb_wrapper\">\n\t\t\t<p>Allen unseren Verk\u00e4ufen und Lieferungen liegen ausnahmslos unsere nachstehenden allgemeinen Verkaufs- und Lieferbedingungen zugrunde, entgegenstehende allgemeine Vertragsbedingungen unserer Lieferanten und Kunden akzeptieren wir nur dann, wenn wir ihnen ausdr\u00fccklich zustimmen:<\/p>\n\n\t\t<\/div>\n\t<\/div>\n\t\t<\/div>\n\t<\/div>\n<\/div>\n\n\n\n\t\t\n\t<\/div>\n\n\n\n\n\n\n\n\n\n\n\n<div data-vc-full-width=\"true\" data-vc-full-width-init=\"false\" class=\"tm-row wpb_row vc_row-fluid vc_custom_1668166728201 tm-responsive-custom-24168207 vc_row-has-fill tm-zindex-0 tm-bgcolor-darkgrey tm-bgimage-position-center_top tm-bg tm-bgimage-yes\">\n\n\t\t\t<div class=\"tm-row-wrapper-bg-layer tm-bg-layer\"><\/div><!-- ThemetechMount custom DIV added -->\n\t\t\n\t <div class=\"vc_row container\"> \t\n\t\t\n\n<div class=\"wpb_column tm-column vc_column_container vc_col-sm-12 tm-zindex-0\">\n\t<div class=\"vc_column-inner  tm-textcolor-white\">\n\t\t\t\t<div class=\"wpb_wrapper\">\n\t\t\t<div class=\"tm-element-heading-wrapper tm-heading-inner tm-element-align-center tm-seperator-none tm-heading-style-vertical\"><section class=\"tm-vc_cta3-container\"><div class=\"tm-vc_general tm-vc_cta3 tm-cta3-only tm-vc_cta3-style-classic tm-vc_cta3-shape-rounded tm-vc_cta3-align-center tm-vc_cta3-color-transparent tm-vc_cta3-icon-size-md tm-vc_cta3-actions-no tm-cta3-without-desc\"><div class=\"tm-vc_cta3_content-container\"><div class=\"tm-vc_cta3-content\"><header class=\"tm-vc_cta3-content-header tm-wrap\"><div class=\"tm-vc_cta3-headers tm-wrap-cell\"><h4 class=\"tm-custom-heading\" >Compag Handels GmbH<\/h4>\n<h2 style=\"font-size:54px;line-height:70px;\" class=\"tm-custom-heading tm-reset-h2-font-responsive\" >Innovative usage of raw materials and by-products<\/h2>\n<\/div><\/header><\/div><\/div><\/div><\/section><\/div> <!-- .tm-element-heading-wrapper container --> \t\t<\/div>\n\t<\/div>\n<\/div>\n\n\n\n\t\t\n\t <\/div> <\/div>\n\n\n<div class=\"vc_row-full-width vc_clearfix\"><\/div>\n<\/section>","protected":false},"excerpt":{"rendered":"Compag Handels GmbH Allgemeine Verkaufs- und Lieferbedingungen 1. B\u00f6rsenusancen: Die Bestimmungen f\u00fcr den Gesch\u00e4ftsverkehr an der B\u00f6rse f\u00fcr landwirtschaftliche Produkte in Wien werden dem Gesch\u00e4ft zugrunde gelegt. 2. Angebote: Unsere Angebote sind grunds\u00e4tzlich freibleibend, wenn wir nicht ausdr\u00fccklich die Dauer unserer Bindung im Angebot selbst schriftlich festhalten. 3. Preise: Alle von uns genannten Preise sind, &hellip; <a href=\"https:\/\/www.compag-austria.at\/en\/agb\/\" class=\"more-link\">Continue reading <span class=\"screen-reader-text\">Conditions<\/span><\/a>","protected":false},"author":1,"featured_media":0,"parent":0,"menu_order":8,"comment_status":"closed","ping_status":"closed","template":"","meta":{"inline_featured_image":false,"footnotes":""},"class_list":["post-2832","page","type-page","status-publish","hentry"],"_links":{"self":[{"href":"https:\/\/www.compag-austria.at\/en\/wp-json\/wp\/v2\/pages\/2832","targetHints":{"allow":["GET"]}}],"collection":[{"href":"https:\/\/www.compag-austria.at\/en\/wp-json\/wp\/v2\/pages"}],"about":[{"href":"https:\/\/www.compag-austria.at\/en\/wp-json\/wp\/v2\/types\/page"}],"author":[{"embeddable":true,"href":"https:\/\/www.compag-austria.at\/en\/wp-json\/wp\/v2\/users\/1"}],"replies":[{"embeddable":true,"href":"https:\/\/www.compag-austria.at\/en\/wp-json\/wp\/v2\/comments?post=2832"}],"version-history":[{"count":7,"href":"https:\/\/www.compag-austria.at\/en\/wp-json\/wp\/v2\/pages\/2832\/revisions"}],"predecessor-version":[{"id":2940,"href":"https:\/\/www.compag-austria.at\/en\/wp-json\/wp\/v2\/pages\/2832\/revisions\/2940"}],"wp:attachment":[{"href":"https:\/\/www.compag-austria.at\/en\/wp-json\/wp\/v2\/media?parent=2832"}],"curies":[{"name":"wp","href":"https:\/\/api.w.org\/{rel}","templated":true}]}}