{"id":2682,"date":"2022-08-16T15:35:52","date_gmt":"2022-08-16T13:35:52","guid":{"rendered":"https:\/\/compag.entsorgungs-service.at\/?page_id=2682"},"modified":"2023-01-30T10:09:18","modified_gmt":"2023-01-30T09:09:18","slug":"produkte","status":"publish","type":"page","link":"https:\/\/www.compag-austria.at\/en\/produkte\/","title":{"rendered":"Products"},"content":{"rendered":"<section class=\"wpb-content-wrapper\"><div data-vc-full-width=\"true\" data-vc-full-width-init=\"false\" class=\"tm-row wpb_row vc_row-fluid vc_custom_1594111471343 vc_row-has-fill break-991-colum tm-zindex-0 tm-bgimage-position-center_center\">\n\n\t\t\n\t <div class=\"vc_row container\"> \t\n\t\t\n\n<div class=\"wpb_column tm-column vc_column_container vc_col-sm-6 tm-zindex-0\">\n\t<div class=\"vc_column-inner\">\n\t\t\t\t<div class=\"wpb_wrapper\">\n\t\t\t\t\t<\/div>\n\t<\/div>\n<\/div>\n\n\n\n\n\n<div class=\"wpb_column tm-column vc_column_container vc_col-sm-6 tm-overlap-row tm-zindex-1\">\n\t<div class=\"vc_column-inner vc_custom_1594112196513 tm-col-bgcolor-white tm-col-bgcolor-yes tm-responsive-custom-92752929\">\n\t\t<div class=\"tm-col-wrapper-bg-layer tm-bg-layer tm-bgimage-position-center_center\"><div class=\"tm-bg-layer-inner\"><\/div><\/div>\t\t<div class=\"wpb_wrapper\">\n\t\t\t\n<div class=\"tm-row-inner vc_row wpb_row vc_inner vc_row-fluid vc_custom_1593076397581 break-991-colum tm-zindex-0\">\n\t\n<div class=\"wpb_column tm-column-inner vc_column_container vc_col-sm-12 tm-zindex-0\">\n\t<div class=\"vc_column-inner\">\n\t\t \n\t\t<div class=\"wpb_wrapper\">\n\t\t\t<div class=\"tm-element-heading-wrapper tm-heading-inner tm-element-align-left tm-seperator-none tm-heading-style-vertical\"><section class=\"tm-vc_cta3-container\"><div class=\"tm-vc_general tm-vc_cta3 tm-cta3-only tm-vc_cta3-style-classic tm-vc_cta3-shape-rounded tm-vc_cta3-align-left tm-vc_cta3-color-transparent tm-vc_cta3-icon-size-md tm-vc_cta3-actions-no tm-cta3-without-desc\"><div class=\"tm-vc_cta3_content-container\"><div class=\"tm-vc_cta3-content\"><header class=\"tm-vc_cta3-content-header tm-wrap\"><div class=\"tm-vc_cta3-headers tm-wrap-cell\"><h4 style=\"font-size:25px;line-height:35px;\" class=\"tm-custom-heading\" >Compag Handels GmbH<\/h4>\n<h2 style=\"font-size:40px;line-height:45px;color:#333333;\" class=\"tm-custom-heading\" >Our products<\/h2>\n<\/div><\/header><\/div><\/div><\/div><\/section><\/div> <!-- .tm-element-heading-wrapper container --> \t\t<\/div>\n\t<\/div>\n<\/div>\n\n<\/div>\n\n\t\t<\/div>\n\t<\/div>\n<\/div>\n\n\n\n\t\t\n\t <\/div> <\/div>\n\n\n<div class=\"vc_row-full-width vc_clearfix\"><\/div>\n\n\n\n\n\n\n\n\n<div class=\"tm-row wpb_row vc_row-fluid starttext vc_custom_1661504032644 tm-zindex-0 vc_row container tm-bgimage-position-center_center\">\n\n\t\t\n\t\t\n\t\t\n\n<div class=\"wpb_column tm-column vc_column_container vc_col-sm-6 tm-zindex-0\">\n\t<div class=\"vc_column-inner\">\n\t\t\t\t<div class=\"wpb_wrapper\">\n\t\t\t\t\t<\/div>\n\t<\/div>\n<\/div>\n\n\n\n\n\n<div class=\"wpb_column tm-column vc_column_container vc_col-sm-6 tm-zindex-0\">\n\t<div class=\"vc_column-inner vc_custom_1594112352400\">\n\t\t\t\t<div class=\"wpb_wrapper\">\n\t\t\t<div class=\"vc_separator wpb_content_element vc_separator_align_center vc_sep_width_100 vc_sep_pos_align_center vc_separator_no_text vc_custom_1557312209130  vc_custom_1557312209130\" ><span class=\"vc_sep_holder vc_sep_holder_l\"><span style=\"border-color:#e8ecef;\" class=\"vc_sep_line\"><\/span><\/span><span class=\"vc_sep_holder vc_sep_holder_r\"><span style=\"border-color:#e8ecef;\" class=\"vc_sep_line\"><\/span><\/span>\n<\/div>\n\t<div class=\"wpb_text_column wpb_content_element\" >\n\t\t<div class=\"wpb_wrapper\">\n\t\t\t<p>Compag Handels GmbH offers a wide range of innovative products for use in livestock feed, fertilizers, raw materials and biomass.<\/p>\n\n\t\t<\/div>\n\t<\/div>\n\t\t<\/div>\n\t<\/div>\n<\/div>\n\n\n\n\t\t\n\t<\/div>\n\n\n\n\n\n\n\n\n\n\n\n<div data-vc-full-width=\"true\" data-vc-full-width-init=\"false\" class=\"tm-row wpb_row vc_row-fluid leistung vc_custom_1674138576425 vc_row-has-fill tm-zindex-0 tm-bgimage-position-center_center\">\n\n\t\t\n\t <div class=\"vc_row container\"> \t\n\t\t\n\n<div class=\"wpb_column tm-column vc_column_container vc_col-sm-12 tm-zindex-0\">\n\t<div class=\"vc_column-inner\">\n\t\t\t\t<div class=\"wpb_wrapper\">\n\t\t\t<div class=\"themetechmount-boxes themetechmount-boxes-service themetechmount-boxes-view-default themetechmount-boxes-col-four themetechmount-boxes-sortable-no themetechmount-boxes-textalign-center tm-cta3-rev-heading themetechmount-boxes-spacing-10px\">\n\t\t<div class=\"themetechmount-boxes-inner themetechmount-boxes-service-inner\">\n\t\t\t\n\t\t\t<div class=\"row multi-columns-row themetechmount-boxes-row-wrapper\">\n\t\t\t\t<div class=\"tm-box-col-wrapper col-lg-3 col-sm-6 col-md-3 col-xs-12\"><article class=\"themetechmount-box themetechmount-box-service themetechmount-service-box-style2\">\n\t<div class=\"themetechmount-post-item\">\t\n\t\t<div class=\"tm-box-top-content\">\t\n\t\t\t<div class=\"themetechmount-box-title\"><h4><a href=\"https:\/\/www.compag-austria.at\/en\/service\/futtermittel\/\">Livestock feed<\/a><\/h4><\/div>\t\t\t<div class=\"themetechmount-post-item-inner\">\n\t\t\t\t                <div style=\"padding:25px;\">\n                <img loading=\"lazy\" decoding=\"async\" width=\"870\" height=\"700\" src=\"https:\/\/www.compag-austria.at\/wp-content\/uploads\/2023\/01\/futter.png\" class=\"attachment-post-thumbnail size-post-thumbnail wp-post-image\" alt=\"\" srcset=\"https:\/\/www.compag-austria.at\/wp-content\/uploads\/2023\/01\/futter.png 870w, https:\/\/www.compag-austria.at\/wp-content\/uploads\/2023\/01\/futter-300x241.png 300w, https:\/\/www.compag-austria.at\/wp-content\/uploads\/2023\/01\/futter-768x618.png 768w\" sizes=\"auto, (max-width: 870px) 100vw, 870px\" data-id=\"2896\" \/>                <\/div>\n            \n            <\/div>\n\t\t<\/div>\n\t\t<div class=\"themetechmount-box-bottom-content\">\t\t\n\t\t\t<div class=\"themetechmount-box-desc\">\n\t\t\t\t<div class=\"tm-short-desc\">\n\t\t\t\t\t<p>By-products from processing agricultural and food products<\/p>\n\t\t\t\t<\/div>\n\t\t\t<\/div> \n\t\t\t<div class=\"themetechmount-serviceboxbox-readmore\">\n\t\t\t\t<a href=\"https:\/\/www.compag-austria.at\/en\/service\/futtermittel\/\"><span class=\"tm-btn-icon-arrow\"><\/span><\/a>\n\t\t\t<\/div>\n\t\t<\/div>\n\t<\/div>\n<\/article><\/div><div class=\"tm-box-col-wrapper col-lg-3 col-sm-6 col-md-3 col-xs-12\"><article class=\"themetechmount-box themetechmount-box-service themetechmount-service-box-style2\">\n\t<div class=\"themetechmount-post-item\">\t\n\t\t<div class=\"tm-box-top-content\">\t\n\t\t\t<div class=\"themetechmount-box-title\"><h4><a href=\"https:\/\/www.compag-austria.at\/en\/service\/duengemittel\/\">Fertilizer<\/a><\/h4><\/div>\t\t\t<div class=\"themetechmount-post-item-inner\">\n\t\t\t\t                <div style=\"padding:25px;\">\n                <img loading=\"lazy\" decoding=\"async\" width=\"870\" height=\"700\" src=\"https:\/\/www.compag-austria.at\/wp-content\/uploads\/2023\/01\/duenger.png\" class=\"attachment-post-thumbnail size-post-thumbnail wp-post-image\" alt=\"\" srcset=\"https:\/\/www.compag-austria.at\/wp-content\/uploads\/2023\/01\/duenger.png 870w, https:\/\/www.compag-austria.at\/wp-content\/uploads\/2023\/01\/duenger-300x241.png 300w, https:\/\/www.compag-austria.at\/wp-content\/uploads\/2023\/01\/duenger-768x618.png 768w\" sizes=\"auto, (max-width: 870px) 100vw, 870px\" data-id=\"2894\" \/>                <\/div>\n            \n            <\/div>\n\t\t<\/div>\n\t\t<div class=\"themetechmount-box-bottom-content\">\t\t\n\t\t\t<div class=\"themetechmount-box-desc\">\n\t\t\t\t<div class=\"tm-short-desc\">\n\t\t\t\t\t<p>Organic and mineral by-products for use as fertilizer<\/p>\n\t\t\t\t<\/div>\n\t\t\t<\/div> \n\t\t\t<div class=\"themetechmount-serviceboxbox-readmore\">\n\t\t\t\t<a href=\"https:\/\/www.compag-austria.at\/en\/service\/duengemittel\/\"><span class=\"tm-btn-icon-arrow\"><\/span><\/a>\n\t\t\t<\/div>\n\t\t<\/div>\n\t<\/div>\n<\/article><\/div><div class=\"tm-box-col-wrapper col-lg-3 col-sm-6 col-md-3 col-xs-12\"><article class=\"themetechmount-box themetechmount-box-service themetechmount-service-box-style2\">\n\t<div class=\"themetechmount-post-item\">\t\n\t\t<div class=\"tm-box-top-content\">\t\n\t\t\t<div class=\"themetechmount-box-title\"><h4><a href=\"https:\/\/www.compag-austria.at\/en\/service\/rohstoffe\/\">Raw materials<\/a><\/h4><\/div>\t\t\t<div class=\"themetechmount-post-item-inner\">\n\t\t\t\t                <div style=\"padding:25px;\">\n                <img loading=\"lazy\" decoding=\"async\" width=\"870\" height=\"700\" src=\"https:\/\/www.compag-austria.at\/wp-content\/uploads\/2023\/01\/rohstoff.png\" class=\"attachment-post-thumbnail size-post-thumbnail wp-post-image\" alt=\"\" srcset=\"https:\/\/www.compag-austria.at\/wp-content\/uploads\/2023\/01\/rohstoff.png 870w, https:\/\/www.compag-austria.at\/wp-content\/uploads\/2023\/01\/rohstoff-300x241.png 300w, https:\/\/www.compag-austria.at\/wp-content\/uploads\/2023\/01\/rohstoff-768x618.png 768w\" sizes=\"auto, (max-width: 870px) 100vw, 870px\" data-id=\"2895\" \/>                <\/div>\n            \n            <\/div>\n\t\t<\/div>\n\t\t<div class=\"themetechmount-box-bottom-content\">\t\t\n\t\t\t<div class=\"themetechmount-box-desc\">\n\t\t\t\t<div class=\"tm-short-desc\">\n\t\t\t\t\t<p>By-products from industrial production used as raw material<\/p>\n\t\t\t\t<\/div>\n\t\t\t<\/div> \n\t\t\t<div class=\"themetechmount-serviceboxbox-readmore\">\n\t\t\t\t<a href=\"https:\/\/www.compag-austria.at\/en\/service\/rohstoffe\/\"><span class=\"tm-btn-icon-arrow\"><\/span><\/a>\n\t\t\t<\/div>\n\t\t<\/div>\n\t<\/div>\n<\/article><\/div><div class=\"tm-box-col-wrapper col-lg-3 col-sm-6 col-md-3 col-xs-12\"><article class=\"themetechmount-box themetechmount-box-service themetechmount-service-box-style2\">\n\t<div class=\"themetechmount-post-item\">\t\n\t\t<div class=\"tm-box-top-content\">\t\n\t\t\t<div class=\"themetechmount-box-title\"><h4><a href=\"https:\/\/www.compag-austria.at\/en\/service\/biomasse\/\">Biomass<\/a><\/h4><\/div>\t\t\t<div class=\"themetechmount-post-item-inner\">\n\t\t\t\t                <div style=\"padding:25px;\">\n                <img loading=\"lazy\" decoding=\"async\" width=\"870\" height=\"700\" src=\"https:\/\/www.compag-austria.at\/wp-content\/uploads\/2023\/01\/bio.png\" class=\"attachment-post-thumbnail size-post-thumbnail wp-post-image\" alt=\"\" srcset=\"https:\/\/www.compag-austria.at\/wp-content\/uploads\/2023\/01\/bio.png 870w, https:\/\/www.compag-austria.at\/wp-content\/uploads\/2023\/01\/bio-300x241.png 300w, https:\/\/www.compag-austria.at\/wp-content\/uploads\/2023\/01\/bio-768x618.png 768w\" sizes=\"auto, (max-width: 870px) 100vw, 870px\" data-id=\"2893\" \/>                <\/div>\n            \n            <\/div>\n\t\t<\/div>\n\t\t<div class=\"themetechmount-box-bottom-content\">\t\t\n\t\t\t<div class=\"themetechmount-box-desc\">\n\t\t\t\t<div class=\"tm-short-desc\">\n\t\t\t\t\t<p>By-products and off-specification batches for bioenergy production<\/p>\n\t\t\t\t<\/div>\n\t\t\t<\/div> \n\t\t\t<div class=\"themetechmount-serviceboxbox-readmore\">\n\t\t\t\t<a href=\"https:\/\/www.compag-austria.at\/en\/service\/biomasse\/\"><span class=\"tm-btn-icon-arrow\"><\/span><\/a>\n\t\t\t<\/div>\n\t\t<\/div>\n\t<\/div>\n<\/article><\/div>\n\t\t\t<\/div>\n\t\t<\/div><!-- .themetechmount-boxes-inner -->   <\/div><!-- .themetechmount-boxes -->  \t\t<\/div>\n\t<\/div>\n<\/div>\n\n\n\n\t\t\n\t <\/div> <\/div>\n\n\n<div class=\"vc_row-full-width vc_clearfix\"><\/div>\n\n\n\n\n\n\n\n\n<div data-vc-full-width=\"true\" data-vc-full-width-init=\"false\" class=\"tm-row wpb_row vc_row-fluid vc_custom_1668166085532 tm-responsive-custom-24168207 vc_row-has-fill tm-zindex-0 tm-bgcolor-darkgrey tm-bgimage-position-center_top tm-bg tm-bgimage-yes\">\n\n\t\t\t<div class=\"tm-row-wrapper-bg-layer tm-bg-layer\"><\/div><!-- ThemetechMount custom DIV added -->\n\t\t\n\t <div class=\"vc_row container\"> \t\n\t\t\n\n<div class=\"wpb_column tm-column vc_column_container vc_col-sm-12 tm-zindex-0\">\n\t<div class=\"vc_column-inner  tm-textcolor-white\">\n\t\t\t\t<div class=\"wpb_wrapper\">\n\t\t\t<div class=\"tm-element-heading-wrapper tm-heading-inner tm-element-align-center tm-seperator-none tm-heading-style-vertical\"><section class=\"tm-vc_cta3-container\"><div class=\"tm-vc_general tm-vc_cta3 tm-cta3-only tm-vc_cta3-style-classic tm-vc_cta3-shape-rounded tm-vc_cta3-align-center tm-vc_cta3-color-transparent tm-vc_cta3-icon-size-md tm-vc_cta3-actions-no tm-cta3-without-desc\"><div class=\"tm-vc_cta3_content-container\"><div class=\"tm-vc_cta3-content\"><header class=\"tm-vc_cta3-content-header tm-wrap\"><div class=\"tm-vc_cta3-headers tm-wrap-cell\"><h4 class=\"tm-custom-heading\" >We make a difference<\/h4>\n<h2 style=\"font-size:54px;line-height:70px;\" class=\"tm-custom-heading tm-reset-h2-font-responsive\" >Did we spark your interest? Contact us now!<\/h2>\n<\/div><\/header><\/div><\/div><\/div><\/section><\/div> <!-- .tm-element-heading-wrapper container --> \n\t\t<div class=\"tm-vc_btn3-container tm-vc_btn3-center vc_custom_1661504088134\"><a class=\"tm-vc_general tm-vc_btn3 tm-vc_btn3-size-lg tm-vc_btn3-shape-square tm-vc_btn3-style-flat tm-vc_btn3-weight-no tm-vc_btn3-color-white\" href=\"\/en\/kontakt\/\" title=\"\">View contact details<\/a><\/div>\t\t<\/div>\n\t<\/div>\n<\/div>\n\n\n\n\t\t\n\t <\/div> <\/div>\n\n\n<div class=\"vc_row-full-width vc_clearfix\"><\/div>\n<\/section>","protected":false},"excerpt":{"rendered":"Unsere Produkte Wir bieten folgende Biomasse Materialien an: Biomasse Materialien k\u00f6nnen unverarbeitet im Bereich der Bioenergieerzeugung (Biomasseverbrennung und Biogas) oder in verarbeiteter Form (z.B. bei der Herstellung von Industriepellets) eingesetzt werden. Dazu z\u00e4hlen unter anderem: Beiprodukte, die kontinuierlich oder in Kampagnen anfallen Sonderposten\/Fehlchargen aus der Nahrungs- und Genussmittelindustrie Schadpartien von Getreide Mais, \u00d6lsaaten, H\u00fclsenfr\u00fcchte mit &hellip; <a href=\"https:\/\/www.compag-austria.at\/en\/service\/biomasse\/\" class=\"more-link\">Continue reading <span class=\"screen-reader-text\">Biomass<\/span><\/a>","protected":false},"author":1,"featured_media":0,"parent":0,"menu_order":10,"comment_status":"closed","ping_status":"closed","template":"","meta":{"inline_featured_image":false,"footnotes":""},"class_list":["post-2682","page","type-page","status-publish","hentry"],"_links":{"self":[{"href":"https:\/\/www.compag-austria.at\/en\/wp-json\/wp\/v2\/pages\/2682","targetHints":{"allow":["GET"]}}],"collection":[{"href":"https:\/\/www.compag-austria.at\/en\/wp-json\/wp\/v2\/pages"}],"about":[{"href":"https:\/\/www.compag-austria.at\/en\/wp-json\/wp\/v2\/types\/page"}],"author":[{"embeddable":true,"href":"https:\/\/www.compag-austria.at\/en\/wp-json\/wp\/v2\/users\/1"}],"replies":[{"embeddable":true,"href":"https:\/\/www.compag-austria.at\/en\/wp-json\/wp\/v2\/comments?post=2682"}],"version-history":[{"count":20,"href":"https:\/\/www.compag-austria.at\/en\/wp-json\/wp\/v2\/pages\/2682\/revisions"}],"predecessor-version":[{"id":2934,"href":"https:\/\/www.compag-austria.at\/en\/wp-json\/wp\/v2\/pages\/2682\/revisions\/2934"}],"wp:attachment":[{"href":"https:\/\/www.compag-austria.at\/en\/wp-json\/wp\/v2\/media?parent=2682"}],"curies":[{"name":"wp","href":"https:\/\/api.w.org\/{rel}","templated":true}]}}