{"id":2482,"date":"2020-02-27T08:04:04","date_gmt":"2020-02-27T07:04:04","guid":{"rendered":"https:\/\/compag.entsorgungs-service.at\/?page_id=2482"},"modified":"2025-04-02T13:57:35","modified_gmt":"2025-04-02T11:57:35","slug":"ueber-uns","status":"publish","type":"page","link":"https:\/\/www.compag-austria.at\/en\/ueber-uns\/","title":{"rendered":"Who We Are"},"content":{"rendered":"<section class=\"wpb-content-wrapper\"><div data-vc-full-width=\"true\" data-vc-full-width-init=\"false\" class=\"tm-row wpb_row vc_row-fluid vc_custom_1594111471343 vc_row-has-fill break-991-colum tm-zindex-0 tm-bgimage-position-center_center\">\n\n\t\t\n\t <div class=\"vc_row container\"> \t\n\t\t\n\n<div class=\"wpb_column tm-column vc_column_container vc_col-sm-6 tm-zindex-0\">\n\t<div class=\"vc_column-inner\">\n\t\t\t\t<div class=\"wpb_wrapper\">\n\t\t\t\t\t<\/div>\n\t<\/div>\n<\/div>\n\n\n\n\n\n<div class=\"wpb_column tm-column vc_column_container vc_col-sm-6 tm-overlap-row tm-zindex-1\">\n\t<div class=\"vc_column-inner vc_custom_1594112196513 tm-col-bgcolor-white tm-col-bgcolor-yes tm-responsive-custom-92752929\">\n\t\t<div class=\"tm-col-wrapper-bg-layer tm-bg-layer tm-bgimage-position-center_center\"><div class=\"tm-bg-layer-inner\"><\/div><\/div>\t\t<div class=\"wpb_wrapper\">\n\t\t\t\n<div class=\"tm-row-inner vc_row wpb_row vc_inner vc_row-fluid vc_custom_1593076397581 break-991-colum tm-zindex-0\">\n\t\n<div class=\"wpb_column tm-column-inner vc_column_container vc_col-sm-12 tm-zindex-0\">\n\t<div class=\"vc_column-inner\">\n\t\t \n\t\t<div class=\"wpb_wrapper\">\n\t\t\t<div class=\"tm-element-heading-wrapper tm-heading-inner tm-element-align-left tm-seperator-none tm-heading-style-vertical\"><section class=\"tm-vc_cta3-container\"><div class=\"tm-vc_general tm-vc_cta3 tm-cta3-only tm-vc_cta3-style-classic tm-vc_cta3-shape-rounded tm-vc_cta3-align-left tm-vc_cta3-color-transparent tm-vc_cta3-icon-size-md tm-vc_cta3-actions-no tm-cta3-without-desc\"><div class=\"tm-vc_cta3_content-container\"><div class=\"tm-vc_cta3-content\"><header class=\"tm-vc_cta3-content-header tm-wrap\"><div class=\"tm-vc_cta3-headers tm-wrap-cell\"><h4 style=\"font-size:25px;line-height:35px;\" class=\"tm-custom-heading\" >Our company<\/h4>\n<h2 style=\"font-size:40px;line-height:45px;color:#333333;\" class=\"tm-custom-heading\" >An overview of our services<\/h2>\n<\/div><\/header><\/div><\/div><\/div><\/section><\/div> <!-- .tm-element-heading-wrapper container --> \t\t<\/div>\n\t<\/div>\n<\/div>\n\n<\/div>\n\n\t\t<\/div>\n\t<\/div>\n<\/div>\n\n\n\n\t\t\n\t <\/div> <\/div>\n\n\n<div class=\"vc_row-full-width vc_clearfix\"><\/div>\n\n\n\n\n\n\n\n\n<div class=\"tm-row wpb_row vc_row-fluid starttext vc_custom_1661504519743 tm-zindex-0 vc_row container tm-bgimage-position-center_center\">\n\n\t\t\n\t\t\n\t\t\n\n<div class=\"wpb_column tm-column vc_column_container vc_col-sm-6 tm-zindex-0\">\n\t<div class=\"vc_column-inner\">\n\t\t\t\t<div class=\"wpb_wrapper\">\n\t\t\t<div class=\"vc_separator wpb_content_element vc_separator_align_center vc_sep_width_100 vc_sep_pos_align_center vc_separator_no_text vc_custom_1557312209130  vc_custom_1557312209130\" ><span class=\"vc_sep_holder vc_sep_holder_l\"><span style=\"border-color:#e8ecef;\" class=\"vc_sep_line\"><\/span><\/span><span class=\"vc_sep_holder vc_sep_holder_r\"><span style=\"border-color:#e8ecef;\" class=\"vc_sep_line\"><\/span><\/span>\n<\/div>\n\t<div class=\"wpb_text_column wpb_content_element\" >\n\t\t<div class=\"wpb_wrapper\">\n\t\t\t<p>Compag Handels GmbH is a member of the <a href=\"http:\/\/www.brantner.com\/\">Brantner Group<\/a>. We are operating in 13 countries in Central and Eastern Europe and growing continuously.<\/p>\n\n\t\t<\/div>\n\t<\/div>\n\t\t<\/div>\n\t<\/div>\n<\/div>\n\n\n\n\n\n<div class=\"wpb_column tm-column vc_column_container vc_col-sm-6 tm-zindex-0\">\n\t<div class=\"vc_column-inner vc_custom_1594112352400\">\n\t\t\t\t<div class=\"wpb_wrapper\">\n\t\t\t<div class=\"vc_separator wpb_content_element vc_separator_align_center vc_sep_width_100 vc_sep_pos_align_center vc_separator_no_text vc_custom_1557312209130  vc_custom_1557312209130\" ><span class=\"vc_sep_holder vc_sep_holder_l\"><span style=\"border-color:#e8ecef;\" class=\"vc_sep_line\"><\/span><\/span><span class=\"vc_sep_holder vc_sep_holder_r\"><span style=\"border-color:#e8ecef;\" class=\"vc_sep_line\"><\/span><\/span>\n<\/div>\n\t<div class=\"wpb_text_column wpb_content_element\" >\n\t\t<div class=\"wpb_wrapper\">\n\t\t\t<p>We are your reliable partner when it comes to the use of by-products and raw materials. We stand for many years of experience and know-how.<\/p>\n\n\t\t<\/div>\n\t<\/div>\n\t\t<\/div>\n\t<\/div>\n<\/div>\n\n\n\n\t\t\n\t<\/div>\n\n\n\n\n\n\n\n\n\n\n\n<div data-vc-full-width=\"true\" data-vc-full-width-init=\"false\" class=\"tm-row wpb_row vc_row-fluid vc_custom_1675069790825 tm-responsive-custom-46825733 vc_row-has-fill tm-zindex-0 tm-bgcolor-darkgrey tm-bgimage-position-right_bottom tm-bg tm-bgimage-yes\">\n\n\t\t\t<div class=\"tm-row-wrapper-bg-layer tm-bg-layer\"><\/div><!-- ThemetechMount custom DIV added -->\n\t\t\n\t <div class=\"vc_row container\"> \t\n\t\t\n\n<div class=\"wpb_column tm-column vc_column_container vc_col-sm-12 tm-zindex-0\">\n\t<div class=\"vc_column-inner\">\n\t\t\t\t<div class=\"wpb_wrapper\">\n\t\t\t<div class=\"tm-element-heading-wrapper tm-heading-inner tm-element-align-center tm-seperator-solid tm-heading-style-vertical\"><section class=\"tm-vc_cta3-container\"><div class=\"tm-vc_general tm-vc_cta3 tm-cta3-only tm-vc_cta3-style-classic tm-vc_cta3-shape-rounded tm-vc_cta3-align-center tm-vc_cta3-color-transparent tm-vc_cta3-icon-size-md tm-vc_cta3-actions-no tm-cta3-without-desc\"><div class=\"tm-vc_cta3_content-container\"><div class=\"tm-vc_cta3-content\"><header class=\"tm-vc_cta3-content-header tm-wrap\"><div class=\"tm-vc_cta3-headers tm-wrap-cell\"><h4 class=\"tm-custom-heading\" >Compag Handels GmbH<\/h4>\n<h2 class=\"tm-custom-heading\" >Our services<\/h2>\n<\/div><\/header><\/div><\/div><\/div><\/section><\/div> <!-- .tm-element-heading-wrapper container --> \n<div class=\"tm-row-inner vc_row wpb_row vc_inner vc_row-fluid tm-sbox-border-right tm-zindex-0\">\n\t\n<div class=\"wpb_column tm-column-inner vc_column_container vc_col-sm-4 tm-zindex-0\">\n\t<div class=\"vc_column-inner\">\n\t\t \n\t\t<div class=\"wpb_wrapper\">\n\t\t\t<div class=\"tm-sbox tm-sbox-iconalign-before-heading none tm-sbox-bgcolor-transparent tm-bgcolor-transparent tm-sbox-textcolor- tm-textcolor- tm-sbox-isize-lg tm-sbox-isize-lg tm-sbox-istyle-none  tm-sbox-heading-only\"><section class=\"tm-vc_cta3-container\"><div class=\"tm-vc_general tm-vc_cta3 tm-vc_cta3-align-left tm-vc_cta3-icon-size-lg tm-vc_cta3-icons-beforeheading tm-vc_cta3-actions-no\"><div class=\"tm-vc_cta3_content-container\"><div class=\"tm-vc_cta3-content\"><div class=\"tm-vc_cta3-content-header tm-wrap\"><div class=\"tm-vc_cta3-icons tm-wrap-cell\"><div class=\"tm-vc_icon_element tm-vc_icon_element-outer tm-vc_icon_element-align-left\"><div class=\"tm-vc_icon_element-inner  tm-vc_icon_element-color-skincolor tm-vc_icon_element-size-lg tm-vc_icon_element-style-none tm-vc_icon_element-background-color-grey\" ><span class=\"tm-vc_icon_element-icon themifyicon ti-world\" ><\/span><\/div><\/div><\/div><div class=\"tm-vc_cta3-headers tm-wrap-cell\"><h2 class=\"tm-custom-heading\" >What we do<\/h2>\n<\/div><\/div><\/div><div class=\"tm-cta3-desc-btn-wrapper\"><div class=\"tm-cta3-description\"><\/div><\/div><\/div><\/div><\/section><\/div>\t\t<\/div>\n\t<\/div>\n<\/div>\n\n\n<div class=\"wpb_column tm-column-inner vc_column_container vc_col-sm-8 tm-zindex-0\">\n\t<div class=\"vc_column-inner vc_custom_1555906717488\">\n\t\t \n\t\t<div class=\"wpb_wrapper\">\n\t\t\t\n\t<div class=\"wpb_text_column wpb_content_element\" >\n\t\t<div class=\"wpb_wrapper\">\n\t\t\t<p>Develop and find new applications for existing materials<br \/>\nSearch for alternative materials for defined applications<\/p>\n\n\t\t<\/div>\n\t<\/div>\n\t\t<\/div>\n\t<\/div>\n<\/div>\n\n<\/div>\n\n\n<div class=\"tm-row-inner vc_row wpb_row vc_inner vc_row-fluid tm-sbox-border-right tm-zindex-0\">\n\t\n<div class=\"wpb_column tm-column-inner vc_column_container vc_col-sm-4 tm-zindex-0\">\n\t<div class=\"vc_column-inner\">\n\t\t \n\t\t<div class=\"wpb_wrapper\">\n\t\t\t<div class=\"tm-sbox tm-sbox-iconalign-before-heading none tm-sbox-bgcolor-transparent tm-bgcolor-transparent tm-sbox-textcolor- tm-textcolor- tm-sbox-isize-lg tm-sbox-isize-lg tm-sbox-istyle-none  tm-sbox-heading-only\"><section class=\"tm-vc_cta3-container\"><div class=\"tm-vc_general tm-vc_cta3 tm-vc_cta3-align-left tm-vc_cta3-icon-size-lg tm-vc_cta3-icons-beforeheading tm-vc_cta3-actions-no\"><div class=\"tm-vc_cta3_content-container\"><div class=\"tm-vc_cta3-content\"><div class=\"tm-vc_cta3-content-header tm-wrap\"><div class=\"tm-vc_cta3-icons tm-wrap-cell\"><div class=\"tm-vc_icon_element tm-vc_icon_element-outer tm-vc_icon_element-align-left\"><div class=\"tm-vc_icon_element-inner  tm-vc_icon_element-color-skincolor tm-vc_icon_element-size-lg tm-vc_icon_element-style-none tm-vc_icon_element-background-color-grey\" ><span class=\"tm-vc_icon_element-icon themifyicon ti-bar-chart\" ><\/span><\/div><\/div><\/div><div class=\"tm-vc_cta3-headers tm-wrap-cell\"><h2 class=\"tm-custom-heading\" >What we offer<\/h2>\n<\/div><\/div><\/div><div class=\"tm-cta3-desc-btn-wrapper\"><div class=\"tm-cta3-description\"><\/div><\/div><\/div><\/div><\/section><\/div>\t\t<\/div>\n\t<\/div>\n<\/div>\n\n\n<div class=\"wpb_column tm-column-inner vc_column_container vc_col-sm-8 tm-zindex-0\">\n\t<div class=\"vc_column-inner vc_custom_1555906723216\">\n\t\t \n\t\t<div class=\"wpb_wrapper\">\n\t\t\t\n\t<div class=\"wpb_text_column wpb_content_element\" >\n\t\t<div class=\"wpb_wrapper\">\n\t\t\t<p>Correct dealings with our partners<br \/>\nCompetent consulting, reliability and flexibility<br \/>\nContinuous delivery\/acceptance of products<br \/>\nProduct-related special solutions and services<\/p>\n\n\t\t<\/div>\n\t<\/div>\n\t\t<\/div>\n\t<\/div>\n<\/div>\n\n<\/div>\n\n\n<div class=\"tm-row-inner vc_row wpb_row vc_inner vc_row-fluid tm-sbox-border-right tm-zindex-0\">\n\t\n<div class=\"wpb_column tm-column-inner vc_column_container vc_col-sm-4 tm-zindex-0\">\n\t<div class=\"vc_column-inner\">\n\t\t \n\t\t<div class=\"wpb_wrapper\">\n\t\t\t<div class=\"tm-sbox tm-sbox-iconalign-before-heading none tm-sbox-bgcolor-transparent tm-bgcolor-transparent tm-sbox-textcolor- tm-textcolor- tm-sbox-isize-lg tm-sbox-isize-lg tm-sbox-istyle-none  tm-sbox-heading-only\"><section class=\"tm-vc_cta3-container\"><div class=\"tm-vc_general tm-vc_cta3 tm-vc_cta3-align-left tm-vc_cta3-icon-size-lg tm-vc_cta3-icons-beforeheading tm-vc_cta3-actions-no\"><div class=\"tm-vc_cta3_content-container\"><div class=\"tm-vc_cta3-content\"><div class=\"tm-vc_cta3-content-header tm-wrap\"><div class=\"tm-vc_cta3-icons tm-wrap-cell\"><div class=\"tm-vc_icon_element tm-vc_icon_element-outer tm-vc_icon_element-align-left\"><div class=\"tm-vc_icon_element-inner  tm-vc_icon_element-color-skincolor tm-vc_icon_element-size-lg tm-vc_icon_element-style-none tm-vc_icon_element-background-color-grey\" ><span class=\"tm-vc_icon_element-icon themifyicon ti-zip\" ><\/span><\/div><\/div><\/div><div class=\"tm-vc_cta3-headers tm-wrap-cell\"><h2 class=\"tm-custom-heading\" >Who benefits<\/h2>\n<\/div><\/div><\/div><div class=\"tm-cta3-desc-btn-wrapper\"><div class=\"tm-cta3-description\"><\/div><\/div><\/div><\/div><\/section><\/div>\t\t<\/div>\n\t<\/div>\n<\/div>\n\n\n<div class=\"wpb_column tm-column-inner vc_column_container vc_col-sm-8 tm-zindex-0\">\n\t<div class=\"vc_column-inner vc_custom_1555906729152\">\n\t\t \n\t\t<div class=\"wpb_wrapper\">\n\t\t\t\n\t<div class=\"wpb_text_column wpb_content_element\" >\n\t\t<div class=\"wpb_wrapper\">\n\t\t\t<p>Producers: innovative ways and efficient applications for their by-products and raw materials<br \/>\nCustomers: stable quality of products and services<br \/>\nEmployees: security of a growing company<br \/>\nEnvironment: smart use of raw materials and by-products saves resources, we live circular economy<\/p>\n\n\t\t<\/div>\n\t<\/div>\n\t\t<\/div>\n\t<\/div>\n<\/div>\n\n<\/div>\n\n<div class=\"vc_empty_space\"   style=\"height: 80px\"><span class=\"vc_empty_space_inner\"><\/span><\/div>\t\t<\/div>\n\t<\/div>\n<\/div>\n\n\n\n\t\t\n\t <\/div> <\/div>\n\n\n<div class=\"vc_row-full-width vc_clearfix\"><\/div>\n\n\n\n\n\n\n\n\n<div data-vc-full-width=\"true\" data-vc-full-width-init=\"false\" class=\"tm-row wpb_row vc_row-fluid vc_custom_1559625837201 break-991-colum tm-zindex-0 tm-bgcolor-grey tm-bgimage-position-center_center\">\n\n\t\t\n\t <div class=\"vc_row container\"> \t\n\t\t\n\n<div class=\"wpb_column tm-column vc_column_container vc_col-sm-6 tm-zindex-0\">\n\t<div class=\"vc_column-inner vc_custom_1558087386826\">\n\t\t\t\t<div class=\"wpb_wrapper\">\n\t\t\t\n<div class=\"tm-row-inner vc_row wpb_row vc_inner vc_row-fluid vc_custom_1559629371275 tm-responsive-custom-82114185 tm-zindex-0\">\n\t\n<div class=\"tm-skincolor-top-boder wpb_column tm-column-inner vc_column_container vc_col-sm-12 vc_col-has-fill tm-zindex-0\">\n\t<div class=\"vc_column-inner vc_custom_1558345622316\">\n\t\t \n\t\t<div class=\"wpb_wrapper\">\n\t\t\t\n\t<div  class=\"wpb_single_image wpb_content_element vc_align_left  vc_custom_1675071551415\">\n\t\t\n\t\t<figure class=\"wpb_wrapper vc_figure\">\n\t\t\t<div class=\"vc_single_image-wrapper   vc_box_border_grey\"><img loading=\"lazy\" decoding=\"async\" width=\"2000\" height=\"1200\" src=\"https:\/\/www.compag-austria.at\/wp-content\/uploads\/2020\/02\/landschaft-compag-austria.jpg\" class=\"vc_single_image-img attachment-full\" alt=\"\" title=\"landschaft-compag-austria\" srcset=\"https:\/\/www.compag-austria.at\/wp-content\/uploads\/2020\/02\/landschaft-compag-austria.jpg 2000w, https:\/\/www.compag-austria.at\/wp-content\/uploads\/2020\/02\/landschaft-compag-austria-300x180.jpg 300w, https:\/\/www.compag-austria.at\/wp-content\/uploads\/2020\/02\/landschaft-compag-austria-1024x614.jpg 1024w, https:\/\/www.compag-austria.at\/wp-content\/uploads\/2020\/02\/landschaft-compag-austria-768x461.jpg 768w, https:\/\/www.compag-austria.at\/wp-content\/uploads\/2020\/02\/landschaft-compag-austria-1536x922.jpg 1536w\" sizes=\"auto, (max-width: 2000px) 100vw, 2000px\" data-id=\"2487\" \/><\/div>\n\t\t<\/figure>\n\t<\/div>\n\t\t<\/div>\n\t<\/div>\n<\/div>\n\n<\/div>\n\n\t\t<\/div>\n\t<\/div>\n<\/div>\n\n\n\n\n\n<div class=\"wpb_column tm-column vc_column_container vc_col-sm-6 tm-overlap-row tm-zindex-1\">\n\t<div class=\"vc_column-inner vc_custom_1559625971371 tm-col-bgcolor-white tm-col-bgcolor-yes tm-responsive-custom-92752929\">\n\t\t<div class=\"tm-col-wrapper-bg-layer tm-bg-layer tm-bgimage-position-center_center\"><div class=\"tm-bg-layer-inner\"><\/div><\/div>\t\t<div class=\"wpb_wrapper\">\n\t\t\t\n<div class=\"tm-row-inner vc_row wpb_row vc_inner vc_row-fluid break-991-colum tm-zindex-0\">\n\t\n<div class=\"wpb_column tm-column-inner vc_column_container vc_col-sm-12 tm-zindex-0\">\n\t<div class=\"vc_column-inner\">\n\t\t \n\t\t<div class=\"wpb_wrapper\">\n\t\t\t<div class=\"tm-element-heading-wrapper tm-heading-inner tm-element-align-left tm-seperator-none tm-heading-style-vertical\"><section class=\"tm-vc_cta3-container\"><div class=\"tm-vc_general tm-vc_cta3 tm-cta3-only tm-vc_cta3-style-classic tm-vc_cta3-shape-rounded tm-vc_cta3-align-left tm-vc_cta3-color-transparent tm-vc_cta3-icon-size-md tm-vc_cta3-actions-no tm-cta3-without-desc\"><div class=\"tm-vc_cta3_content-container\"><div class=\"tm-vc_cta3-content\"><header class=\"tm-vc_cta3-content-header tm-wrap\"><div class=\"tm-vc_cta3-headers tm-wrap-cell\"><h4 class=\"tm-custom-heading\" >Compag Handels GmbH<\/h4>\n<h2 style=\"color:#333333;\" class=\"tm-custom-heading\" >We look forward working with you!<\/h2>\n<\/div><\/header><\/div><\/div><\/div><\/section><\/div> <!-- .tm-element-heading-wrapper container --> \t\t<\/div>\n\t<\/div>\n<\/div>\n\n<\/div>\n\n\n<div class=\"tm-row-inner vc_row wpb_row vc_inner vc_row-fluid tm-zindex-0\">\n\t\n<div class=\"wpb_column tm-column-inner vc_column_container vc_col-sm-12 tm-zindex-0\">\n\t<div class=\"vc_column-inner vc_custom_1675070062215 tm-responsive-custom-47787204\">\n\t\t \n\t\t<div class=\"wpb_wrapper\">\n\t\t\t\n\t<div class=\"wpb_text_column wpb_content_element\" >\n\t\t<div class=\"wpb_wrapper\">\n\t\t\t<p><strong>Quality is when we retain you as customer! That\u2019s what we strive for.<br \/>\n<\/strong><\/p>\n<p>Our continuous effort for quality assurance and quality improvement is certified by various quality assurance systems.<\/p>\n<p><strong><br \/>\nCertificates:<\/strong><\/p>\n\n\t\t<\/div>\n\t<\/div>\n<div class=\"tm-sbox tm-sbox-iconalign-left-spacing none tm-sbox-bgcolor-transparent tm-bgcolor-transparent tm-sbox-textcolor- tm-textcolor- tm-sbox-isize-xs tm-sbox-isize-xs tm-sbox-istyle-rounded vc_custom_1743595020865 tm-sbox-heading-only\"><section class=\"tm-vc_cta3-container\"><div class=\"tm-vc_general tm-vc_cta3 tm-vc_cta3-align-left tm-vc_cta3-icon-size-xs tm-vc_cta3-icons-left tm-vc_cta3-actions-no\"><div class=\"tm-vc_cta3-icons tm-wrap-cell\"><div class=\"tm-vc_icon_element tm-vc_icon_element-outer tm-vc_icon_element-align-left  tm-vc_icon_element-have-style\"><div class=\"tm-vc_icon_element-inner  tm-vc_icon_element-have-style-inner tm-vc_icon_element-color-white tm-vc_icon_element-size-xs tm-vc_icon_element-style-rounded tm-vc_icon_element-background tm-vc_icon_element-background-color-skincolor\" ><span class=\"tm-vc_icon_element-icon fa fa-star-o\" ><\/span><\/div><\/div><\/div><div class=\"tm-vc_cta3_content-container\"><div class=\"tm-vc_cta3-content\"><div class=\"tm-vc_cta3-content-header tm-wrap\"><div class=\"tm-vc_cta3-headers tm-wrap-cell\"><h2 class=\"tm-custom-heading\" >pastus+<\/h2>\n<\/div><\/div><\/div><div class=\"tm-cta3-desc-btn-wrapper\"><div class=\"tm-cta3-description\"><\/div><\/div><\/div><\/div><\/section><\/div><div class=\"vc_separator wpb_content_element vc_separator_align_center vc_sep_width_100 vc_sep_pos_align_center vc_separator_no_text vc_custom_1557312209130  vc_custom_1557312209130\" ><span class=\"vc_sep_holder vc_sep_holder_l\"><span style=\"border-color:#e8ecef;\" class=\"vc_sep_line\"><\/span><\/span><span class=\"vc_sep_holder vc_sep_holder_r\"><span style=\"border-color:#e8ecef;\" class=\"vc_sep_line\"><\/span><\/span>\n<\/div><div class=\"tm-sbox tm-sbox-iconalign-left-spacing none tm-sbox-bgcolor-transparent tm-bgcolor-transparent tm-sbox-textcolor- tm-textcolor- tm-sbox-isize-xs tm-sbox-isize-xs tm-sbox-istyle-rounded vc_custom_1743595037391 tm-sbox-heading-only\"><section class=\"tm-vc_cta3-container\"><div class=\"tm-vc_general tm-vc_cta3 tm-vc_cta3-align-left tm-vc_cta3-icon-size-xs tm-vc_cta3-icons-left tm-vc_cta3-actions-no\"><div class=\"tm-vc_cta3-icons tm-wrap-cell\"><div class=\"tm-vc_icon_element tm-vc_icon_element-outer tm-vc_icon_element-align-left  tm-vc_icon_element-have-style\"><div class=\"tm-vc_icon_element-inner  tm-vc_icon_element-have-style-inner tm-vc_icon_element-color-white tm-vc_icon_element-size-xs tm-vc_icon_element-style-rounded tm-vc_icon_element-background tm-vc_icon_element-background-color-skincolor\" ><span class=\"tm-vc_icon_element-icon fa fa-star-o\" ><\/span><\/div><\/div><\/div><div class=\"tm-vc_cta3_content-container\"><div class=\"tm-vc_cta3-content\"><div class=\"tm-vc_cta3-content-header tm-wrap\"><div class=\"tm-vc_cta3-headers tm-wrap-cell\"><h2 class=\"tm-custom-heading\" >Austria Bio Garantie<\/h2>\n<\/div><\/div><\/div><div class=\"tm-cta3-desc-btn-wrapper\"><div class=\"tm-cta3-description\"><\/div><\/div><\/div><\/div><\/section><\/div><div class=\"vc_separator wpb_content_element vc_separator_align_center vc_sep_width_100 vc_sep_pos_align_center vc_separator_no_text vc_custom_1557312209130  vc_custom_1557312209130\" ><span class=\"vc_sep_holder vc_sep_holder_l\"><span style=\"border-color:#e8ecef;\" class=\"vc_sep_line\"><\/span><\/span><span class=\"vc_sep_holder vc_sep_holder_r\"><span style=\"border-color:#e8ecef;\" class=\"vc_sep_line\"><\/span><\/span>\n<\/div><div class=\"tm-sbox tm-sbox-iconalign-left-spacing none tm-sbox-bgcolor-transparent tm-bgcolor-transparent tm-sbox-textcolor- tm-textcolor- tm-sbox-isize-xs tm-sbox-isize-xs tm-sbox-istyle-rounded vc_custom_1743595051838 tm-sbox-heading-only\"><section class=\"tm-vc_cta3-container\"><div class=\"tm-vc_general tm-vc_cta3 tm-vc_cta3-align-left tm-vc_cta3-icon-size-xs tm-vc_cta3-icons-left tm-vc_cta3-actions-no\"><div class=\"tm-vc_cta3-icons tm-wrap-cell\"><div class=\"tm-vc_icon_element tm-vc_icon_element-outer tm-vc_icon_element-align-left  tm-vc_icon_element-have-style\"><div class=\"tm-vc_icon_element-inner  tm-vc_icon_element-have-style-inner tm-vc_icon_element-color-white tm-vc_icon_element-size-xs tm-vc_icon_element-style-rounded tm-vc_icon_element-background tm-vc_icon_element-background-color-skincolor\" ><span class=\"tm-vc_icon_element-icon fa fa-star-o\" ><\/span><\/div><\/div><\/div><div class=\"tm-vc_cta3_content-container\"><div class=\"tm-vc_cta3-content\"><div class=\"tm-vc_cta3-content-header tm-wrap\"><div class=\"tm-vc_cta3-headers tm-wrap-cell\"><h2 class=\"tm-custom-heading\" >SURE RED II<\/h2>\n<\/div><\/div><\/div><div class=\"tm-cta3-desc-btn-wrapper\"><div class=\"tm-cta3-description\"><\/div><\/div><\/div><\/div><\/section><\/div>\t\t<\/div>\n\t<\/div>\n<\/div>\n\n<\/div>\n\n\t\t<\/div>\n\t<\/div>\n<\/div>\n\n\n\n\t\t\n\t <\/div> <\/div>\n\n\n<div class=\"vc_row-full-width vc_clearfix\"><\/div>\n\n\n\n\n\n\n\n\n<div data-vc-full-width=\"true\" data-vc-full-width-init=\"false\" class=\"tm-row wpb_row vc_row-fluid vc_custom_1668166567012 tm-responsive-custom-24168207 vc_row-has-fill tm-overlap-row tm-zindex-0 tm-bgcolor-darkgrey tm-bgimage-position-center_top tm-bg tm-bgimage-yes\">\n\n\t\t\t<div class=\"tm-row-wrapper-bg-layer tm-bg-layer\"><\/div><!-- ThemetechMount custom DIV added -->\n\t\t\n\t <div class=\"vc_row container\"> \t\n\t\t\n\n<div class=\"wpb_column tm-column vc_column_container vc_col-sm-12 tm-zindex-0\">\n\t<div class=\"vc_column-inner  tm-textcolor-white\">\n\t\t\t\t<div class=\"wpb_wrapper\">\n\t\t\t<div class=\"tm-element-heading-wrapper tm-heading-inner tm-element-align-center tm-seperator-none tm-heading-style-vertical\"><section class=\"tm-vc_cta3-container\"><div class=\"tm-vc_general tm-vc_cta3 tm-cta3-only tm-vc_cta3-style-classic tm-vc_cta3-shape-rounded tm-vc_cta3-align-center tm-vc_cta3-color-transparent tm-vc_cta3-icon-size-md tm-vc_cta3-actions-no tm-cta3-without-desc\"><div class=\"tm-vc_cta3_content-container\"><div class=\"tm-vc_cta3-content\"><header class=\"tm-vc_cta3-content-header tm-wrap\"><div class=\"tm-vc_cta3-headers tm-wrap-cell\"><h4 class=\"tm-custom-heading\" >We make a difference<\/h4>\n<h2 style=\"font-size:54px;line-height:70px;\" class=\"tm-custom-heading tm-reset-h2-font-responsive\" >Did we spark your interest? Contact us now!<\/h2>\n<\/div><\/header><\/div><\/div><\/div><\/section><\/div> <!-- .tm-element-heading-wrapper container --> \n\t\t<div class=\"tm-vc_btn3-container tm-vc_btn3-center vc_custom_1661504589209\"><a class=\"tm-vc_general tm-vc_btn3 tm-vc_btn3-size-lg tm-vc_btn3-shape-square tm-vc_btn3-style-flat tm-vc_btn3-weight-no tm-vc_btn3-color-skincolor\" href=\"\/en\/kontakt\/\" title=\"\">View contact details<\/a><\/div>\t\t<\/div>\n\t<\/div>\n<\/div>\n\n\n\n\t\t\n\t <\/div> <\/div>\n\n\n<div class=\"vc_row-full-width vc_clearfix\"><\/div>\n<\/section>","protected":false},"excerpt":{"rendered":"DAS UNTERNEHMEN Ein \u00dcberblick \u00fcber unsere Leistungen Die Compag Handels GmbH ist ein Unternehmen der Brantner Gruppe. Wir sind zurzeit in 13 L\u00e4ndern Mittel - und Osteuropas t\u00e4tig, und wachsen kontinuierlich weiter. Wir sind Ihr verl\u00e4sslicher Ansprechpartner wenn es um die Anwendung von Beiprodukten und Rohstoffen geht. Dabei setzen wir auf jahrelange Erfahrung und Know-How. &hellip; <a href=\"https:\/\/www.compag-austria.at\/en\/ueber-uns\/\" class=\"more-link\">Continue reading <span class=\"screen-reader-text\">Who We Are<\/span><\/a>","protected":false},"author":1,"featured_media":0,"parent":0,"menu_order":5,"comment_status":"closed","ping_status":"closed","template":"","meta":{"inline_featured_image":false,"footnotes":""},"class_list":["post-2482","page","type-page","status-publish","hentry"],"_links":{"self":[{"href":"https:\/\/www.compag-austria.at\/en\/wp-json\/wp\/v2\/pages\/2482","targetHints":{"allow":["GET"]}}],"collection":[{"href":"https:\/\/www.compag-austria.at\/en\/wp-json\/wp\/v2\/pages"}],"about":[{"href":"https:\/\/www.compag-austria.at\/en\/wp-json\/wp\/v2\/types\/page"}],"author":[{"embeddable":true,"href":"https:\/\/www.compag-austria.at\/en\/wp-json\/wp\/v2\/users\/1"}],"replies":[{"embeddable":true,"href":"https:\/\/www.compag-austria.at\/en\/wp-json\/wp\/v2\/comments?post=2482"}],"version-history":[{"count":67,"href":"https:\/\/www.compag-austria.at\/en\/wp-json\/wp\/v2\/pages\/2482\/revisions"}],"predecessor-version":[{"id":2973,"href":"https:\/\/www.compag-austria.at\/en\/wp-json\/wp\/v2\/pages\/2482\/revisions\/2973"}],"wp:attachment":[{"href":"https:\/\/www.compag-austria.at\/en\/wp-json\/wp\/v2\/media?parent=2482"}],"curies":[{"name":"wp","href":"https:\/\/api.w.org\/{rel}","templated":true}]}}