{"id":2498,"date":"2020-02-27T09:18:31","date_gmt":"2020-02-27T08:18:31","guid":{"rendered":"https:\/\/compag.entsorgungs-service.at\/?page_id=2498"},"modified":"2023-01-20T08:36:55","modified_gmt":"2023-01-20T07:36:55","slug":"leistungen","status":"publish","type":"page","link":"https:\/\/www.compag-austria.at\/de\/leistungen\/","title":{"rendered":"Leistungen"},"content":{"rendered":"<section class=\"wpb-content-wrapper\"><div data-vc-full-width=\"true\" data-vc-full-width-init=\"false\" class=\"tm-row wpb_row vc_row-fluid vc_custom_1594111471343 vc_row-has-fill break-991-colum tm-zindex-0 tm-bgimage-position-center_center\">\n\n\t\t\n\t <div class=\"vc_row container\"> \t\n\t\t\n\n<div class=\"wpb_column tm-column vc_column_container vc_col-sm-6 tm-zindex-0\">\n\t<div class=\"vc_column-inner  \">\n\t\t\t\t<div class=\"wpb_wrapper\">\n\t\t\t\t\t<\/div>\n\t<\/div>\n<\/div>\n\n\n\n\n\n<div class=\"servicebox-number wpb_column tm-column vc_column_container vc_col-sm-6 tm-overlap-row tm-zindex-1\">\n\t<div class=\"vc_column-inner vc_custom_1661505777019 tm-col-bgcolor-white tm-col-bgcolor-yes tm-responsive-custom-92752929\">\n\t\t<div class=\"tm-col-wrapper-bg-layer tm-bg-layer tm-bgimage-position-center_center\"><div class=\"tm-bg-layer-inner\"><\/div><\/div>\t\t<div class=\"wpb_wrapper\">\n\t\t\t\n<div class=\"tm-row-inner vc_row wpb_row vc_inner vc_row-fluid vc_custom_1593076397581 break-991-colum tm-zindex-0\">\n\t\n<div class=\"servicebox-number wpb_column tm-column-inner vc_column_container vc_col-sm-12 tm-zindex-0\">\n\t<div class=\"vc_column-inner  \">\n\t\t \n\t\t<div class=\"wpb_wrapper\">\n\t\t\t<div class=\"tm-element-heading-wrapper tm-heading-inner tm-element-align-left tm-seperator-none tm-heading-style-vertical \"><section class=\"tm-vc_cta3-container\"><div class=\"tm-vc_general tm-vc_cta3 tm-cta3-only tm-vc_cta3-style-classic tm-vc_cta3-shape-rounded tm-vc_cta3-align-left tm-vc_cta3-color-transparent tm-vc_cta3-icon-size-md tm-vc_cta3-actions-no tm-cta3-without-desc\"><div class=\"tm-vc_cta3_content-container\"><div class=\"tm-vc_cta3-content\"><header class=\"tm-vc_cta3-content-header tm-wrap\"><div class=\"tm-vc_cta3-headers tm-wrap-cell\"><h4 style=\"font-size:25px;line-height:35px;\" class=\"tm-custom-heading \" >Unsere Leistungen<\/h4>\n<h2 style=\"font-size:40px;line-height:45px;color:#333333;\" class=\"tm-custom-heading \" >Was wir dem Industriebetrieb bieten:<\/h2>\n<\/div><\/header><\/div><\/div><\/div><\/section><\/div> <!-- .tm-element-heading-wrapper container --> \t\t<\/div>\n\t<\/div>\n<\/div>\n\n<\/div>\n\n\t\t<\/div>\n\t<\/div>\n<\/div>\n\n\n\n\t\t\n\t <\/div> <\/div>\n\n\n<div class=\"vc_row-full-width vc_clearfix\"><\/div>\n\n\n\n\n\n\n\n\n<div class=\"tm-row wpb_row vc_row-fluid starttext vc_custom_1661506855221 tm-zindex-0 vc_row container tm-bgimage-position-center_center\">\n\n\t\t\n\t\t\n\t\t\n\n<div class=\"wpb_column tm-column vc_column_container vc_col-sm-6 tm-zindex-0\">\n\t<div class=\"vc_column-inner  \">\n\t\t\t\t<div class=\"wpb_wrapper\">\n\t\t\t<div class=\"vc_separator wpb_content_element vc_separator_align_center vc_sep_width_100 vc_sep_pos_align_center vc_separator_no_text vc_custom_1557312209130  vc_custom_1557312209130\" ><span class=\"vc_sep_holder vc_sep_holder_l\"><span style=\"border-color:#e8ecef;\" class=\"vc_sep_line\"><\/span><\/span><span class=\"vc_sep_holder vc_sep_holder_r\"><span style=\"border-color:#e8ecef;\" class=\"vc_sep_line\"><\/span><\/span>\n<\/div>\n\t<div class=\"wpb_text_column wpb_content_element \" >\n\t\t<div class=\"wpb_wrapper\">\n\t\t\t<p>Beiprodukte aus der industriellen Produktion stellen f\u00fcr den Produzenten h\u00e4ufig ein gro\u00dfes Problem dar. Wir \u00fcberpr\u00fcfen die bestehenden Absatzwege der Beiprodukte und entwickeln neue.<\/p>\n<p>Das Zusammenspiel von Wissen und Erfahrung des Produktionsbetriebes, mit unserem Know How und unserer Marktkenntnis erm\u00f6glicht neue Absatzwege und interessante L\u00f6sungen f\u00fcr die Nutzung Ihrer Beiprodukte.<\/p>\n\n\t\t<\/div>\n\t<\/div>\n\t\t<\/div>\n\t<\/div>\n<\/div>\n\n\n\n\n\n<div class=\"wpb_column tm-column vc_column_container vc_col-sm-6 tm-zindex-0\">\n\t<div class=\"vc_column-inner vc_custom_1594112352400 \">\n\t\t\t\t<div class=\"wpb_wrapper\">\n\t\t\t<div class=\"vc_separator wpb_content_element vc_separator_align_center vc_sep_width_100 vc_sep_pos_align_center vc_separator_no_text vc_custom_1557312209130  vc_custom_1557312209130\" ><span class=\"vc_sep_holder vc_sep_holder_l\"><span style=\"border-color:#e8ecef;\" class=\"vc_sep_line\"><\/span><\/span><span class=\"vc_sep_holder vc_sep_holder_r\"><span style=\"border-color:#e8ecef;\" class=\"vc_sep_line\"><\/span><\/span>\n<\/div><div class=\"tm-sbox tm-sbox-iconalign-left-spacing none tm-sbox-bgcolor-transparent tm-bgcolor-transparent tm-sbox-textcolor- tm-textcolor- tm-sbox-isize-xs tm-sbox-isize-xs tm-sbox-istyle-rounded vc_custom_1661505815710 tm-sbox-heading-only\"><section class=\"tm-vc_cta3-container\"><div class=\"tm-vc_general tm-vc_cta3 tm-vc_cta3-align-left tm-vc_cta3-icon-size-xs tm-vc_cta3-icons-left tm-vc_cta3-actions-no\"><div class=\"tm-vc_cta3-icons tm-wrap-cell\"><div class=\"tm-vc_icon_element tm-vc_icon_element-outer tm-vc_icon_element-align-left  tm-vc_icon_element-have-style\"><div class=\"tm-vc_icon_element-inner  tm-vc_icon_element-have-style-inner tm-vc_icon_element-color-white tm-vc_icon_element-size-xs tm-vc_icon_element-style-rounded tm-vc_icon_element-background tm-vc_icon_element-background-color-skincolor\" ><span class=\"tm-vc_icon_element-icon fa fa-thumbs-o-up\" ><\/span><\/div><\/div><\/div><div class=\"tm-vc_cta3_content-container\"><div class=\"tm-vc_cta3-content\"><div class=\"tm-vc_cta3-content-header tm-wrap\"><div class=\"tm-vc_cta3-headers tm-wrap-cell\"><h2 class=\"tm-custom-heading \" >Abnahme organischer und mineralischer Beiprodukte<\/h2>\n<\/div><\/div><\/div><div class=\"tm-cta3-desc-btn-wrapper\"><div class=\"tm-cta3-description\"><\/div><\/div><\/div><\/div><\/section><\/div><div class=\"tm-sbox tm-sbox-iconalign-left-spacing none tm-sbox-bgcolor-transparent tm-bgcolor-transparent tm-sbox-textcolor- tm-textcolor- tm-sbox-isize-xs tm-sbox-isize-xs tm-sbox-istyle-rounded vc_custom_1661505591557 tm-sbox-heading-only\"><section class=\"tm-vc_cta3-container\"><div class=\"tm-vc_general tm-vc_cta3 tm-vc_cta3-align-left tm-vc_cta3-icon-size-xs tm-vc_cta3-icons-left tm-vc_cta3-actions-no\"><div class=\"tm-vc_cta3-icons tm-wrap-cell\"><div class=\"tm-vc_icon_element tm-vc_icon_element-outer tm-vc_icon_element-align-left  tm-vc_icon_element-have-style\"><div class=\"tm-vc_icon_element-inner  tm-vc_icon_element-have-style-inner tm-vc_icon_element-color-white tm-vc_icon_element-size-xs tm-vc_icon_element-style-rounded tm-vc_icon_element-background tm-vc_icon_element-background-color-skincolor\" ><span class=\"tm-vc_icon_element-icon fa fa-thumbs-o-up\" ><\/span><\/div><\/div><\/div><div class=\"tm-vc_cta3_content-container\"><div class=\"tm-vc_cta3-content\"><div class=\"tm-vc_cta3-content-header tm-wrap\"><div class=\"tm-vc_cta3-headers tm-wrap-cell\"><h2 class=\"tm-custom-heading \" >Lieferung alternativer Rohstoffe und Sekund\u00e4rmaterialien<\/h2>\n<\/div><\/div><\/div><div class=\"tm-cta3-desc-btn-wrapper\"><div class=\"tm-cta3-description\"><\/div><\/div><\/div><\/div><\/section><\/div><div class=\"tm-sbox tm-sbox-iconalign-left-spacing none tm-sbox-bgcolor-transparent tm-bgcolor-transparent tm-sbox-textcolor- tm-textcolor- tm-sbox-isize-xs tm-sbox-isize-xs tm-sbox-istyle-rounded vc_custom_1661506783232 tm-sbox-heading-only\"><section class=\"tm-vc_cta3-container\"><div class=\"tm-vc_general tm-vc_cta3 tm-vc_cta3-align-left tm-vc_cta3-icon-size-xs tm-vc_cta3-icons-left tm-vc_cta3-actions-no\"><div class=\"tm-vc_cta3-icons tm-wrap-cell\"><div class=\"tm-vc_icon_element tm-vc_icon_element-outer tm-vc_icon_element-align-left  tm-vc_icon_element-have-style\"><div class=\"tm-vc_icon_element-inner  tm-vc_icon_element-have-style-inner tm-vc_icon_element-color-white tm-vc_icon_element-size-xs tm-vc_icon_element-style-rounded tm-vc_icon_element-background tm-vc_icon_element-background-color-skincolor\" ><span class=\"tm-vc_icon_element-icon fa fa-thumbs-o-up\" ><\/span><\/div><\/div><\/div><div class=\"tm-vc_cta3_content-container\"><div class=\"tm-vc_cta3-content\"><div class=\"tm-vc_cta3-content-header tm-wrap\"><div class=\"tm-vc_cta3-headers tm-wrap-cell\"><h2 class=\"tm-custom-heading \" >Compag bietet:<\/h2>\n<\/div><\/div><\/div><div class=\"tm-cta3-desc-btn-wrapper\"><div class=\"tm-cta3-description\"><div class=\"tm-cta3-content-wrapper\">\n<ul>\n<li>Komplettl\u00f6sungen<\/li>\n<li>Teilmengenl\u00f6sungen<\/li>\n<li>L\u00f6sungen f\u00fcr Fehlchargen<\/li>\n<\/ul>\n<p><\/div><\/div><\/div><\/div><\/div><\/section><\/div>\n\t<div class=\"wpb_text_column wpb_content_element  vc_custom_1661505874452\" >\n\t\t<div class=\"wpb_wrapper\">\n\t\t\t<p>Durch Lagerhaltung k\u00f6nnen wir Produktionsschwankungen des Herstellerbetriebes ausgleichen und unsere Kunden kontinuierlich bedienen.<\/p>\n\n\t\t<\/div>\n\t<\/div>\n\t\t<\/div>\n\t<\/div>\n<\/div>\n\n\n\n\t\t\n\t<\/div>\n\n\n\n\n\n\n\n\n\n\n\n<div data-vc-full-width=\"true\" data-vc-full-width-init=\"false\" class=\"tm-row wpb_row vc_row-fluid leistung vc_custom_1674139322075 vc_row-has-fill tm-zindex-0 tm-bgimage-position-center_center\">\n\n\t\t\n\t <div class=\"vc_row container\"> \t\n\t\t\n\n<div class=\"wpb_column tm-column vc_column_container vc_col-sm-3 tm-zindex-0\">\n\t<div class=\"vc_column-inner  \">\n\t\t\t\t<div class=\"wpb_wrapper\">\n\t\t\t\n\t<div class=\"wpb_text_column wpb_content_element  vc_custom_1661506950760\" >\n\t\t<div class=\"wpb_wrapper\">\n\t\t\t<h4 style=\"text-align: left;\">Unsere St\u00e4rken<\/h4>\n<p style=\"text-align: left;\">sind die Basis f\u00fcr dauerhafte Lieferanten- und Kundenbeziehungen!<\/p>\n\n\t\t<\/div>\n\t<\/div>\n\t\t<\/div>\n\t<\/div>\n<\/div>\n\n\n\n\n\n<div class=\"wpb_column tm-column vc_column_container vc_col-sm-3 tm-zindex-0\">\n\t<div class=\"vc_column-inner  \">\n\t\t\t\t<div class=\"wpb_wrapper\">\n\t\t\t<div class=\"tm-sbox tm-sbox-iconalign-top-center none tm-sbox-bgcolor-transparent tm-bgcolor-transparent tm-sbox-textcolor- tm-textcolor- tm-sbox-isize-lg tm-sbox-isize-lg tm-sbox-istyle-rounded  tm-sbox-heading-only\"><section class=\"tm-vc_cta3-container\"><div class=\"tm-vc_general tm-vc_cta3 tm-vc_cta3-align-left tm-vc_cta3-icon-size-lg tm-vc_cta3-icons-top tm-vc_cta3-actions-no\"><div class=\"tm-vc_cta3-icons tm-wrap-cell\"><div class=\"tm-vc_icon_element tm-vc_icon_element-outer tm-vc_icon_element-align-left  tm-vc_icon_element-have-style\"><div class=\"tm-vc_icon_element-inner  tm-vc_icon_element-have-style-inner tm-vc_icon_element-color-skincolor tm-vc_icon_element-size-lg tm-vc_icon_element-style-rounded tm-vc_icon_element-background tm-vc_icon_element-background-color-white\" ><span class=\"tm-vc_icon_element-icon fa fa-line-chart\" ><\/span><\/div><\/div><\/div><div class=\"tm-vc_cta3_content-container\"><div class=\"tm-vc_cta3-content\"><div class=\"tm-vc_cta3-content-header tm-wrap\"><div class=\"tm-vc_cta3-headers tm-wrap-cell\"><h2 class=\"tm-custom-heading \" >gute Marktkenntnis, Know how und Kreativit\u00e4t<\/h2>\n<\/div><\/div><\/div><div class=\"tm-cta3-desc-btn-wrapper\"><div class=\"tm-cta3-description\"><\/div><\/div><\/div><\/div><\/section><\/div>\t\t<\/div>\n\t<\/div>\n<\/div>\n\n\n\n\n\n<div class=\"wpb_column tm-column vc_column_container vc_col-sm-3 tm-zindex-0\">\n\t<div class=\"vc_column-inner  \">\n\t\t\t\t<div class=\"wpb_wrapper\">\n\t\t\t<div class=\"tm-sbox tm-sbox-iconalign-top-center none tm-sbox-bgcolor-transparent tm-bgcolor-transparent tm-sbox-textcolor- tm-textcolor- tm-sbox-isize-lg tm-sbox-isize-lg tm-sbox-istyle-rounded  tm-sbox-heading-only\"><section class=\"tm-vc_cta3-container\"><div class=\"tm-vc_general tm-vc_cta3 tm-vc_cta3-align-left tm-vc_cta3-icon-size-lg tm-vc_cta3-icons-top tm-vc_cta3-actions-no\"><div class=\"tm-vc_cta3-icons tm-wrap-cell\"><div class=\"tm-vc_icon_element tm-vc_icon_element-outer tm-vc_icon_element-align-left  tm-vc_icon_element-have-style\"><div class=\"tm-vc_icon_element-inner  tm-vc_icon_element-have-style-inner tm-vc_icon_element-color-skincolor tm-vc_icon_element-size-lg tm-vc_icon_element-style-rounded tm-vc_icon_element-background tm-vc_icon_element-background-color-white\" ><span class=\"tm-vc_icon_element-icon fa fa-users\" ><\/span><\/div><\/div><\/div><div class=\"tm-vc_cta3_content-container\"><div class=\"tm-vc_cta3-content\"><div class=\"tm-vc_cta3-content-header tm-wrap\"><div class=\"tm-vc_cta3-headers tm-wrap-cell\"><h2 class=\"tm-custom-heading \" >hohes Engagement und Fachkompetenz unserer Mitarbeiter<\/h2>\n<\/div><\/div><\/div><div class=\"tm-cta3-desc-btn-wrapper\"><div class=\"tm-cta3-description\"><\/div><\/div><\/div><\/div><\/section><\/div>\t\t<\/div>\n\t<\/div>\n<\/div>\n\n\n\n\n\n<div class=\"wpb_column tm-column vc_column_container vc_col-sm-3 tm-zindex-0\">\n\t<div class=\"vc_column-inner  \">\n\t\t\t\t<div class=\"wpb_wrapper\">\n\t\t\t<div class=\"tm-sbox tm-sbox-iconalign-top-center none tm-sbox-bgcolor-transparent tm-bgcolor-transparent tm-sbox-textcolor- tm-textcolor- tm-sbox-isize-lg tm-sbox-isize-lg tm-sbox-istyle-rounded  tm-sbox-heading-only\"><section class=\"tm-vc_cta3-container\"><div class=\"tm-vc_general tm-vc_cta3 tm-vc_cta3-align-left tm-vc_cta3-icon-size-lg tm-vc_cta3-icons-top tm-vc_cta3-actions-no\"><div class=\"tm-vc_cta3-icons tm-wrap-cell\"><div class=\"tm-vc_icon_element tm-vc_icon_element-outer tm-vc_icon_element-align-left  tm-vc_icon_element-have-style\"><div class=\"tm-vc_icon_element-inner  tm-vc_icon_element-have-style-inner tm-vc_icon_element-color-skincolor tm-vc_icon_element-size-lg tm-vc_icon_element-style-rounded tm-vc_icon_element-background tm-vc_icon_element-background-color-white\" ><span class=\"tm-vc_icon_element-icon fa fa-sitemap\" ><\/span><\/div><\/div><\/div><div class=\"tm-vc_cta3_content-container\"><div class=\"tm-vc_cta3-content\"><div class=\"tm-vc_cta3-content-header tm-wrap\"><div class=\"tm-vc_cta3-headers tm-wrap-cell\"><h2 class=\"tm-custom-heading \" >gute und best\u00e4ndige internationale Vernetzung<\/h2>\n<\/div><\/div><\/div><div class=\"tm-cta3-desc-btn-wrapper\"><div class=\"tm-cta3-description\"><\/div><\/div><\/div><\/div><\/section><\/div>\t\t<\/div>\n\t<\/div>\n<\/div>\n\n\n\n\t\t\n\t <\/div> <\/div>\n\n\n<div class=\"vc_row-full-width vc_clearfix\"><\/div>\n\n\n\n\n\n\n\n\n<div data-vc-full-width=\"true\" data-vc-full-width-init=\"false\" class=\"tm-row wpb_row vc_row-fluid vc_custom_1668166087110 tm-responsive-custom-24168207 vc_row-has-fill tm-zindex-0 tm-bgcolor-darkgrey tm-bgimage-position-center_top tm-bg tm-bgimage-yes\">\n\n\t\t\t<div class=\"tm-row-wrapper-bg-layer tm-bg-layer\"><\/div><!-- ThemetechMount custom DIV added -->\n\t\t\n\t <div class=\"vc_row container\"> \t\n\t\t\n\n<div class=\"wpb_column tm-column vc_column_container vc_col-sm-12 tm-zindex-0\">\n\t<div class=\"vc_column-inner  tm-textcolor-white \">\n\t\t\t\t<div class=\"wpb_wrapper\">\n\t\t\t<div class=\"tm-element-heading-wrapper tm-heading-inner tm-element-align-center tm-seperator-none tm-heading-style-vertical \"><section class=\"tm-vc_cta3-container\"><div class=\"tm-vc_general tm-vc_cta3 tm-cta3-only tm-vc_cta3-style-classic tm-vc_cta3-shape-rounded tm-vc_cta3-align-center tm-vc_cta3-color-transparent tm-vc_cta3-icon-size-md tm-vc_cta3-actions-no tm-cta3-without-desc\"><div class=\"tm-vc_cta3_content-container\"><div class=\"tm-vc_cta3-content\"><header class=\"tm-vc_cta3-content-header tm-wrap\"><div class=\"tm-vc_cta3-headers tm-wrap-cell\"><h4 class=\"tm-custom-heading \" >Sie haben Interesse?<\/h4>\n<h2 style=\"font-size:25px;line-height:35px;\" class=\"tm-custom-heading tm-reset-h2-font-responsive \" >Gerne entwickeln wir auch f\u00fcr Ihren Betrieb ein Konzept f\u00fcr die Verwendung der Beiprodukte, oder machen Ihnen ein Angebot f\u00fcr die Lieferung von Rohstoffen.<\/h2>\n<\/div><\/header><\/div><\/div><\/div><\/section><\/div> <!-- .tm-element-heading-wrapper container --> \n\t\t<div class=\"tm-vc_btn3-container tm-vc_btn3-center vc_custom_1661506149168\"><a class=\"tm-vc_general tm-vc_btn3 tm-vc_btn3-size-lg tm-vc_btn3-shape-square tm-vc_btn3-style-flat tm-vc_btn3-weight-no tm-vc_btn3-color-white\" href=\"\/kontakt\" title=\"\">jetzt Kontakt aufnehmen<\/a><\/div>\t\t<\/div>\n\t<\/div>\n<\/div>\n\n\n\n\t\t\n\t <\/div> <\/div>\n\n\n<div class=\"vc_row-full-width vc_clearfix\"><\/div>\n<\/section>","protected":false},"excerpt":{"rendered":"Unsere Leistungen Was wir dem Industriebetrieb bieten: Beiprodukte aus der industriellen Produktion stellen f\u00fcr den Produzenten h\u00e4ufig ein gro\u00dfes Problem dar. Wir \u00fcberpr\u00fcfen die bestehenden Absatzwege der Beiprodukte und entwickeln neue. Das Zusammenspiel von Wissen und Erfahrung des Produktionsbetriebes, mit unserem Know How und unserer Marktkenntnis erm\u00f6glicht neue Absatzwege und interessante L\u00f6sungen f\u00fcr die Nutzung &hellip; <a href=\"https:\/\/www.compag-austria.at\/de\/leistungen\/\" class=\"more-link\">Continue reading <span class=\"screen-reader-text\">Leistungen<\/span><\/a>","protected":false},"author":1,"featured_media":0,"parent":0,"menu_order":10,"comment_status":"closed","ping_status":"closed","template":"","meta":{"inline_featured_image":false,"footnotes":""},"class_list":["post-2498","page","type-page","status-publish","hentry"],"_links":{"self":[{"href":"https:\/\/www.compag-austria.at\/de\/wp-json\/wp\/v2\/pages\/2498","targetHints":{"allow":["GET"]}}],"collection":[{"href":"https:\/\/www.compag-austria.at\/de\/wp-json\/wp\/v2\/pages"}],"about":[{"href":"https:\/\/www.compag-austria.at\/de\/wp-json\/wp\/v2\/types\/page"}],"author":[{"embeddable":true,"href":"https:\/\/www.compag-austria.at\/de\/wp-json\/wp\/v2\/users\/1"}],"replies":[{"embeddable":true,"href":"https:\/\/www.compag-austria.at\/de\/wp-json\/wp\/v2\/comments?post=2498"}],"version-history":[{"count":83,"href":"https:\/\/www.compag-austria.at\/de\/wp-json\/wp\/v2\/pages\/2498\/revisions"}],"predecessor-version":[{"id":2910,"href":"https:\/\/www.compag-austria.at\/de\/wp-json\/wp\/v2\/pages\/2498\/revisions\/2910"}],"wp:attachment":[{"href":"https:\/\/www.compag-austria.at\/de\/wp-json\/wp\/v2\/media?parent=2498"}],"curies":[{"name":"wp","href":"https:\/\/api.w.org\/{rel}","templated":true}]}}